{"id":11,"date":"2014-02-06T14:29:45","date_gmt":"2014-02-06T13:29:45","guid":{"rendered":"http:\/\/www.allgrafics.de\/kunden\/binesglas\/?page_id=11"},"modified":"2025-02-14T14:06:35","modified_gmt":"2025-02-14T13:06:35","slug":"home","status":"publish","type":"page","link":"https:\/\/www.bines-glas.de\/","title":{"rendered":"Home"},"content":{"rendered":"<p>[et_pb_section fb_built=&#8220;1&#8243; fullwidth=&#8220;on&#8220; _builder_version=&#8220;4.16&#8243; background_color=&#8220;#ffffff&#8220; global_colors_info=&#8220;{}&#8220;][et_pb_fullwidth_image src=&#8220;https:\/\/www.bines-glas.de\/wp-content\/uploads\/2020\/08\/head-scaled.jpg&#8220; alt=&#8220;Bines Glas Logo&#8220; title_text=&#8220;head&#8220; _builder_version=&#8220;4.16&#8243; background_color=&#8220;#ffffff&#8220; global_colors_info=&#8220;{}&#8220;][\/et_pb_fullwidth_image][\/et_pb_section][et_pb_section fb_built=&#8220;1&#8243; _builder_version=&#8220;4.16&#8243; global_colors_info=&#8220;{}&#8220;][et_pb_row column_structure=&#8220;2_3,1_3&#8243; _builder_version=&#8220;4.19.0&#8243; _module_preset=&#8220;default&#8220; global_colors_info=&#8220;{}&#8220;][et_pb_column type=&#8220;2_3&#8243; _builder_version=&#8220;4.19.0&#8243; _module_preset=&#8220;default&#8220; global_colors_info=&#8220;{}&#8220;][et_pb_text _builder_version=&#8220;4.27.4&#8243; hover_enabled=&#8220;0&#8243; global_colors_info=&#8220;{}&#8220; sticky_enabled=&#8220;0&#8243;]<\/p>\n<p>Willkommen auf der Website von Bines Glas<br \/>Glasbl\u00e4serin Sabine Gottschalk<br \/>Erfahren Sie mehr \u00fcber unsere handgefertigten und mundgeblasenen Glasobjekte, \u00fcber aktuelle Events und unsere vielseitigen Aktionen und Angebote.<\/p>\n<p><strong>Alle Artikel sind k\u00e4uflich zu erwerben.<br \/>Bitte dazu eine Email an <a href=\"mailto:info@bines-glas.de\">info@bines-glas.de<\/a>.<br \/>Falls Sie eine Antwort vermissen, schauen Sie bitte in Ihrem Spamordner nach.<br \/><\/strong><\/p>\n<p><a href=\"https:\/\/www.bines-glas.de\/wp-content\/uploads\/2024\/03\/meisen-knoedel.jpg\"><img loading=\"lazy\" decoding=\"async\" class=\"wp-image-2368 size-large alignleft\" src=\"https:\/\/www.bines-glas.de\/wp-content\/uploads\/2024\/03\/meisen-knoedel-426x440.jpg\" alt=\"Meisenkn\u00f6delhalter\" width=\"426\" height=\"440\" srcset=\"https:\/\/bines-glas.de\/wp-content\/uploads\/2024\/03\/meisen-knoedel-426x440.jpg 426w, https:\/\/bines-glas.de\/wp-content\/uploads\/2024\/03\/meisen-knoedel-290x300.jpg 290w, https:\/\/bines-glas.de\/wp-content\/uploads\/2024\/03\/meisen-knoedel-145x150.jpg 145w, https:\/\/bines-glas.de\/wp-content\/uploads\/2024\/03\/meisen-knoedel-768x794.jpg 768w, https:\/\/bines-glas.de\/wp-content\/uploads\/2024\/03\/meisen-knoedel-1486x1536.jpg 1486w, https:\/\/bines-glas.de\/wp-content\/uploads\/2024\/03\/meisen-knoedel-1080x1116.jpg 1080w, https:\/\/bines-glas.de\/wp-content\/uploads\/2024\/03\/meisen-knoedel.jpg 1880w\" sizes=\"auto, (max-width: 426px) 100vw, 426px\" \/><\/a><\/p>\n<p>[\/et_pb_text][\/et_pb_column][et_pb_column type=&#8220;1_3&#8243; _builder_version=&#8220;4.19.0&#8243; _module_preset=&#8220;default&#8220; global_colors_info=&#8220;{}&#8220;][et_pb_text _builder_version=&#8220;4.27.4&#8243; _module_preset=&#8220;default&#8220; global_colors_info=&#8220;{}&#8220;]<\/p>\n<h2>Weinglas als Vase<\/h2>\n<p><div id=\"attachment_1933\" style=\"width: 529px\" class=\"wp-caption alignleft\"><a href=\"https:\/\/www.bines-glas.de\/wp-content\/uploads\/2021\/02\/Weinglas-Vase-scaled.jpg\"><img loading=\"lazy\" decoding=\"async\" aria-describedby=\"caption-attachment-1933\" class=\"wp-image-1933 size-large\" src=\"https:\/\/www.bines-glas.de\/wp-content\/uploads\/2021\/02\/Weinglas-Vase-519x440.jpg\" alt=\"Weinglas Vase\" width=\"519\" height=\"440\" srcset=\"https:\/\/bines-glas.de\/wp-content\/uploads\/2021\/02\/Weinglas-Vase-519x440.jpg 519w, https:\/\/bines-glas.de\/wp-content\/uploads\/2021\/02\/Weinglas-Vase-300x254.jpg 300w, https:\/\/bines-glas.de\/wp-content\/uploads\/2021\/02\/Weinglas-Vase-150x127.jpg 150w, https:\/\/bines-glas.de\/wp-content\/uploads\/2021\/02\/Weinglas-Vase-768x651.jpg 768w, https:\/\/bines-glas.de\/wp-content\/uploads\/2021\/02\/Weinglas-Vase-1536x1302.jpg 1536w, https:\/\/bines-glas.de\/wp-content\/uploads\/2021\/02\/Weinglas-Vase-2048x1736.jpg 2048w, https:\/\/bines-glas.de\/wp-content\/uploads\/2021\/02\/Weinglas-Vase-1080x916.jpg 1080w\" sizes=\"auto, (max-width: 519px) 100vw, 519px\" \/><\/a><p id=\"caption-attachment-1933\" class=\"wp-caption-text\">Die Weinglas-Vase, zieht alle Blicke auf sich und versch\u00f6nert auf Ihre schlichte Art, jeden eingedeckten Tisch.<\/p><\/div>[\/et_pb_text][\/et_pb_column][\/et_pb_row][et_pb_row _builder_version=&#8220;4.16&#8243; global_colors_info=&#8220;{}&#8220;][et_pb_column type=&#8220;4_4&#8243; _builder_version=&#8220;4.16&#8243; global_colors_info=&#8220;{}&#8220;][et_pb_divider _builder_version=&#8220;4.16&#8243; global_colors_info=&#8220;{}&#8220;][\/et_pb_divider][\/et_pb_column][\/et_pb_row][et_pb_row column_structure=&#8220;2_3,1_3&#8243; _builder_version=&#8220;4.16&#8243; global_colors_info=&#8220;{}&#8220;][et_pb_column type=&#8220;2_3&#8243; _builder_version=&#8220;4.16&#8243; global_colors_info=&#8220;{}&#8220;][et_pb_text _builder_version=&#8220;4.16&#8243; custom_margin=&#8220;||-1px||false|false&#8220; global_colors_info=&#8220;{}&#8220;]<\/p>\n<h2>Bitte w\u00e4hlen Sie<\/h2>\n<p>[\/et_pb_text][et_pb_text admin_label=&#8220;Galerie&#8220; _builder_version=&#8220;4.16&#8243; custom_margin=&#8220;||0px||false|false&#8220; global_colors_info=&#8220;{}&#8220;]<\/p>\n<p style=\"text-align: center;\">[supsystic-gallery id=1]<\/p>\n<p style=\"text-align: center;\">&nbsp;<\/p>\n<p>[\/et_pb_text][\/et_pb_column][et_pb_column type=&#8220;1_3&#8243; _builder_version=&#8220;4.16&#8243; global_colors_info=&#8220;{}&#8220;][et_pb_text _builder_version=&#8220;4.16&#8243; global_colors_info=&#8220;{}&#8220;]<\/p>\n<h2>M\u00e4rkte<\/h2>\n<p>[\/et_pb_text][et_pb_sidebar _builder_version=&#8220;4.16&#8243; global_colors_info=&#8220;{}&#8220;][\/et_pb_sidebar][\/et_pb_column][\/et_pb_row][et_pb_row _builder_version=&#8220;4.16&#8243; global_colors_info=&#8220;{}&#8220;][et_pb_column type=&#8220;4_4&#8243; _builder_version=&#8220;4.16&#8243; global_colors_info=&#8220;{}&#8220;][et_pb_divider _builder_version=&#8220;4.16&#8243; global_colors_info=&#8220;{}&#8220;][\/et_pb_divider][et_pb_text _builder_version=&#8220;4.19.1&#8243; _module_preset=&#8220;default&#8220; global_colors_info=&#8220;{}&#8220;]<\/p>\n<h2>Bines Glas + Glasbl\u00e4serin Sabine Gottschalk + Glaskunst<\/h2>\n<p>[\/et_pb_text][\/et_pb_column][\/et_pb_row][et_pb_row column_structure=&#8220;1_2,1_2&#8243; _builder_version=&#8220;4.19.1&#8243; _module_preset=&#8220;default&#8220; global_colors_info=&#8220;{}&#8220;][et_pb_column type=&#8220;1_2&#8243; _builder_version=&#8220;4.19.1&#8243; _module_preset=&#8220;default&#8220; global_colors_info=&#8220;{}&#8220;][et_pb_text _builder_version=&#8220;4.19.1&#8243; global_colors_info=&#8220;{}&#8220;]<\/p>\n<p style=\"text-align: left;\">Schon als Kind faszinierte mich\u00a0der Glanz und die Transparenz des Glases. Einige Jahre sp\u00e4ter\u00a0hatte ich die M\u00f6glichkeit, w\u00e4hrend eines Praktikums bei\u00a0der Glasbl\u00e4serei Molnar in Hamburg, einen Einblick in die k\u00fcnstlerische\u00a0Verarbeitung von verschiedenen Glasrohmaterialen zu bekommen. Seit\u00a0dem stand mein Berufswunsch fest. Ich hatte das Gl\u00fcck dieses Handwerk in einer dreij\u00e4hrigen Ausbildung bei der Labor &#8211; Glasbl\u00e4serei Eich in Bonn zu erlernen, die ich mit einer Gesellen Pr\u00fcfung als Glasapparatebauerin abschloss.<\/p>\n<p>Seit nun mehr 30 Jahren verarbeite ich Glas und konnte\u00a0somit meine Fertigkeit und Kreativit\u00e4t weiterentwickeln. Es fasziniert mich immer wieder aufs Neue, aus schlichten Glasst\u00e4ben\u00a0\u00a0und Glasrohren kunstvolle Objekte in den verschiedensten Formen\u00a0und Farben ,die das Licht auffangen und wiederspiegeln, zu erstellen.<br \/>Die Reinheit des Glases und das Lichtspiel der Farben lassen immer\u00a0wieder die Zerbrechlichkeit von Glas erahnen, die es jedoch durch\u00a0meine Verarbeitung so stabil macht.<\/p>\n<p>Sabine Gottschalk<br \/>Glasbl\u00e4serin<\/p>\n<p>[\/et_pb_text][\/et_pb_column][et_pb_column type=&#8220;1_2&#8243; _builder_version=&#8220;4.19.1&#8243; _module_preset=&#8220;default&#8220; global_colors_info=&#8220;{}&#8220;][et_pb_text _builder_version=&#8220;4.19.1&#8243; _module_preset=&#8220;default&#8220; global_colors_info=&#8220;{}&#8220;]<a href=\"https:\/\/www.bines-glas.de\/wp-content\/uploads\/2022\/11\/sabine.jpg\"><img loading=\"lazy\" decoding=\"async\" src=\"https:\/\/www.bines-glas.de\/wp-content\/uploads\/2022\/11\/sabine.jpg\" width=\"761\" height=\"600\" alt=\"\" class=\"wp-image-2309 alignleft size-full\" srcset=\"https:\/\/bines-glas.de\/wp-content\/uploads\/2022\/11\/sabine.jpg 761w, https:\/\/bines-glas.de\/wp-content\/uploads\/2022\/11\/sabine-300x237.jpg 300w, https:\/\/bines-glas.de\/wp-content\/uploads\/2022\/11\/sabine-558x440.jpg 558w, https:\/\/bines-glas.de\/wp-content\/uploads\/2022\/11\/sabine-150x118.jpg 150w\" sizes=\"auto, (max-width: 761px) 100vw, 761px\" \/><\/a>[\/et_pb_text][\/et_pb_column][\/et_pb_row][\/et_pb_section]<\/p>\n","protected":false},"excerpt":{"rendered":"<p>[et_pb_section fb_built=&#8220;1&#8243; fullwidth=&#8220;on&#8220; _builder_version=&#8220;4.16&#8243; background_color=&#8220;#ffffff&#8220; global_colors_info=&#8220;{}&#8220;][et_pb_fullwidth_image src=&#8220;https:\/\/www.bines-glas.de\/wp-content\/uploads\/2020\/08\/head-scaled.jpg&#8220; alt=&#8220;Bines Glas Logo&#8220; title_text=&#8220;head&#8220; _builder_version=&#8220;4.16&#8243; background_color=&#8220;#ffffff&#8220; global_colors_info=&#8220;{}&#8220;][\/et_pb_fullwidth_image][\/et_pb_section][et_pb_section fb_built=&#8220;1&#8243; _builder_version=&#8220;4.16&#8243; global_colors_info=&#8220;{}&#8220;][et_pb_row column_structure=&#8220;2_3,1_3&#8243; _builder_version=&#8220;4.19.0&#8243; _module_preset=&#8220;default&#8220; global_colors_info=&#8220;{}&#8220;][et_pb_column type=&#8220;2_3&#8243; _builder_version=&#8220;4.19.0&#8243; _module_preset=&#8220;default&#8220; global_colors_info=&#8220;{}&#8220;][et_pb_text _builder_version=&#8220;4.27.4&#8243; hover_enabled=&#8220;0&#8243; global_colors_info=&#8220;{}&#8220; sticky_enabled=&#8220;0&#8243;] Willkommen auf der Website von Bines GlasGlasbl\u00e4serin Sabine GottschalkErfahren Sie mehr \u00fcber unsere handgefertigten und mundgeblasenen Glasobjekte, \u00fcber aktuelle Events und unsere vielseitigen Aktionen und Angebote. [&hellip;]<\/p>\n","protected":false},"author":1,"featured_media":0,"parent":0,"menu_order":0,"comment_status":"closed","ping_status":"open","template":"","meta":{"footnotes":""},"class_list":["post-11","page","type-page","status-publish","hentry"],"_links":{"self":[{"href":"https:\/\/www.bines-glas.de\/wp-json\/wp\/v2\/pages\/11","targetHints":{"allow":["GET"]}}],"collection":[{"href":"https:\/\/www.bines-glas.de\/wp-json\/wp\/v2\/pages"}],"about":[{"href":"https:\/\/www.bines-glas.de\/wp-json\/wp\/v2\/types\/page"}],"author":[{"embeddable":true,"href":"https:\/\/www.bines-glas.de\/wp-json\/wp\/v2\/users\/1"}],"replies":[{"embeddable":true,"href":"https:\/\/www.bines-glas.de\/wp-json\/wp\/v2\/comments?post=11"}],"version-history":[{"count":0,"href":"https:\/\/www.bines-glas.de\/wp-json\/wp\/v2\/pages\/11\/revisions"}],"wp:attachment":[{"href":"https:\/\/www.bines-glas.de\/wp-json\/wp\/v2\/media?parent=11"}],"curies":[{"name":"wp","href":"https:\/\/api.w.org\/{rel}","templated":true}]}}